{"id":6037,"date":"2024-11-06T17:09:17","date_gmt":"2024-11-06T16:09:17","guid":{"rendered":"https:\/\/www.maison-boissiere.com\/cancellation-and-refund\/"},"modified":"2024-12-18T12:20:04","modified_gmt":"2024-12-18T11:20:04","slug":"cancellation-and-refund","status":"publish","type":"page","link":"https:\/\/www.maison-boissiere.com\/fr\/cancellation-and-refund\/","title":{"rendered":"Annulation et remboursements"},"content":{"rendered":"\n<p>A la Maison Boissi\u00e8re BARNES Residences, nous avons mis en place une s\u00e9rie de mesures pour assurer votre tranquillit\u00e9 d&rsquo;esprit lorsque vous r\u00e9servez avec nous, vous permettant de vous concentrer sur le plaisir de votre exp\u00e9rience de luxe \u00e0 Paris. En cas d&rsquo;impr\u00e9vu, nous ferons tout notre possible pour vous aider \u00e0 annuler votre voyage dans les conditions les plus favorables possibles. Cependant, pour des raisons contractuelles, nous ne pouvons pas toujours garantir un remboursement complet. Nous vous invitons \u00e0 lire attentivement les conditions d&rsquo;annulation suivantes afin de prendre des d\u00e9cisions en toute connaissance de cause et de respecter les d\u00e9lais impartis. Ce document s&rsquo;inscrit dans le cadre de notre engagement de clart\u00e9 et de transparence, en pr\u00e9cisant les proc\u00e9dures et les d\u00e9lais d&rsquo;annulation de votre r\u00e9servation.<\/p>\n\n\n\n<h2 class=\"wp-block-heading\">Notre politique d&rsquo;annulation<\/h2>\n\n\n\n<p><strong>Politique d&rsquo;annulation non flexible<\/strong> : En cas d&rsquo;annulation pour quelque raison que ce soit, aucun frais ne sera rembours\u00e9 par la Maison Boissi\u00e8re BARNES Residences.<\/p>\n\n\n\n<p><strong>Politique d&rsquo;annulation flexible<\/strong> : Si vous avez besoin de plus de flexibilit\u00e9 ou si vous craignez que les circonstances ne vous emp\u00eachent de voyager, nous proposons une politique d&rsquo;annulation flexible qui peut \u00eatre ajout\u00e9e \u00e0 votre r\u00e9servation au moment du paiement. Cette option est id\u00e9ale pour ceux qui pr\u00e9f\u00e8rent ne pas souscrire d&rsquo;assurance voyage compl\u00e8te. Selon le tarif choisi, vous pouvez b\u00e9n\u00e9ficier de conditions d&rsquo;annulation flexibles jusqu&rsquo;\u00e0 5 jours avant votre s\u00e9jour. Nous vous invitons \u00e0 consulter les conditions tarifaires sp\u00e9cifiques \u00e0 chaque offre. Pass\u00e9 ce d\u00e9lai, le montant total de la r\u00e9servation est d\u00fb et sera automatiquement factur\u00e9. Malheureusement, aucun remboursement ne sera possible apr\u00e8s cette date.<\/p>\n\n\n\n<h2 class=\"wp-block-heading\">Annulation par la Maison Boissi\u00e8re Barnes Residence<\/h2>\n\n\n\n<p>Si nous sommes contraints d&rsquo;annuler votre r\u00e9servation pour quelque raison que ce soit, y compris, mais sans s&rsquo;y limiter, l&rsquo;indisponibilit\u00e9 d&rsquo;un appartement ou des changements dans l&rsquo;\u00e9tat de sant\u00e9, nous vous en informerons d\u00e8s que possible et vous proposerons un s\u00e9jour \u00e9quivalent ou d&rsquo;autres dates sans frais suppl\u00e9mentaires. Si une alternative satisfaisante ne peut \u00eatre propos\u00e9e, nous vous rembourserons int\u00e9gralement votre r\u00e9servation.<\/p>\n\n\n\n<h2 class=\"wp-block-heading\">Cr\u00e9dits de voyage<\/h2>\n\n\n\n<p>Les cr\u00e9dits de voyage de la Maison Boissi\u00e8re ne sont accord\u00e9s que dans des circonstances extraordinaires et sont g\u00e9r\u00e9s au cas par cas, \u00e0 notre discr\u00e9tion. Ces cr\u00e9dits permettent aux clients de r\u00e9server un s\u00e9jour dans l&rsquo;un de nos appartements de luxe \u00e0 une date ult\u00e9rieure \u00e0 celle de la r\u00e9servation initiale. En cas d&rsquo;annulation d&rsquo;une r\u00e9servation effectu\u00e9e \u00e0 l&rsquo;aide de cr\u00e9dits de voyage, aucun remboursement ou report ne sera accord\u00e9, et les conditions d&rsquo;annulation de la r\u00e9servation initiale resteront inchang\u00e9es. Tous les cr\u00e9dits de voyage de la Maison Boissi\u00e8re sont valables six mois et peuvent \u00eatre transf\u00e9r\u00e9s \u00e0 des personnes \u00e2g\u00e9es de plus de 18 ans.<\/p>\n\n\n\n<h2 class=\"wp-block-heading\">Assurance de voyage<\/h2>\n\n\n\n<p>Nous recommandons vivement \u00e0 tous nos clients de souscrire une assurance voyage compl\u00e8te afin de couvrir toute circonstance impr\u00e9vue qui pourrait perturber leur voyage. La Maison Boissi\u00e8re ne propose pas d&rsquo;assurance directement, mais n&rsquo;h\u00e9sitez pas \u00e0 nous contacter si vous avez besoin d&rsquo;un re\u00e7u de voyage pour d\u00e9poser une r\u00e9clamation aupr\u00e8s de votre assureur.<\/p>\n\n\n\n<h2 class=\"wp-block-heading\">Questions frequemment pos\u00e9es<\/h2>\n\n\n\n<p>Si vous avez des questions, nous vous invitons \u00e0 consulter notre section <a href=\"https:\/\/www.maison-boissiere.com\/fr\/faq\/\">Foire aux questions (FAQ)<\/a> ou \u00e0 nous contacter par courrier \u00e9lectronique \u00e0 l&rsquo;adresse suivante : <a href=\"mailto:reception.paris@maisonbarnes.com\">reception.paris@maisonbarnes.com<\/a>.<\/p>\n","protected":false},"excerpt":{"rendered":"<p>A la Maison Boissi\u00e8re BARNES Residences, nous avons mis en place une s\u00e9rie de mesures pour assurer votre tranquillit\u00e9 d&rsquo;esprit lorsque vous r\u00e9servez avec nous, vous permettant de vous concentrer sur le plaisir de votre exp\u00e9rience de luxe \u00e0 Paris. En cas d&rsquo;impr\u00e9vu, nous ferons tout notre possible pour vous aider \u00e0 annuler votre voyage [&hellip;]<\/p>\n","protected":false},"author":2,"featured_media":5108,"parent":0,"menu_order":2,"comment_status":"closed","ping_status":"closed","template":"","meta":{"_acf_changed":false,"inline_featured_image":false,"footnotes":""},"class_list":["post-6037","page","type-page","status-publish","has-post-thumbnail","hentry"],"acf":[],"yoast_head":"<!-- This site is optimized with the Yoast SEO plugin v27.3 - https:\/\/yoast.com\/product\/yoast-seo-wordpress\/ -->\n<title>Annulation et remboursements - Maison Boissi\u00e8re<\/title>\n<meta name=\"robots\" content=\"index, follow, max-snippet:-1, max-image-preview:large, max-video-preview:-1\" \/>\n<link rel=\"canonical\" href=\"https:\/\/www.maison-boissiere.com\/fr\/cancellation-and-refund\/\" \/>\n<meta property=\"og:locale\" content=\"fr_FR\" \/>\n<meta property=\"og:type\" content=\"article\" \/>\n<meta property=\"og:title\" content=\"Annulation et remboursements - Maison Boissi\u00e8re\" \/>\n<meta property=\"og:description\" content=\"A la Maison Boissi\u00e8re BARNES Residences, nous avons mis en place une s\u00e9rie de mesures pour assurer votre tranquillit\u00e9 d&rsquo;esprit lorsque vous r\u00e9servez avec nous, vous permettant de vous concentrer sur le plaisir de votre exp\u00e9rience de luxe \u00e0 Paris. En cas d&rsquo;impr\u00e9vu, nous ferons tout notre possible pour vous aider \u00e0 annuler votre voyage [&hellip;]\" \/>\n<meta property=\"og:url\" content=\"https:\/\/www.maison-boissiere.com\/fr\/cancellation-and-refund\/\" \/>\n<meta property=\"og:site_name\" content=\"Maison Boissi\u00e8re\" \/>\n<meta property=\"article:modified_time\" content=\"2024-12-18T11:20:04+00:00\" \/>\n<meta property=\"og:image\" content=\"https:\/\/www.maison-boissiere.com\/wp-content\/uploads\/2024\/12\/cancellation-min-1.jpg\" \/>\n\t<meta property=\"og:image:width\" content=\"2560\" \/>\n\t<meta property=\"og:image:height\" content=\"676\" \/>\n\t<meta property=\"og:image:type\" content=\"image\/jpeg\" \/>\n<meta name=\"twitter:card\" content=\"summary_large_image\" \/>\n<meta name=\"twitter:label1\" content=\"Dur\u00e9e de lecture estim\u00e9e\" \/>\n\t<meta name=\"twitter:data1\" content=\"3 minutes\" \/>\n<script type=\"application\/ld+json\" class=\"yoast-schema-graph\">{\"@context\":\"https:\\\/\\\/schema.org\",\"@graph\":[{\"@type\":\"WebPage\",\"@id\":\"https:\\\/\\\/www.maison-boissiere.com\\\/fr\\\/cancellation-and-refund\\\/\",\"url\":\"https:\\\/\\\/www.maison-boissiere.com\\\/fr\\\/cancellation-and-refund\\\/\",\"name\":\"Annulation et remboursements - Maison Boissi\u00e8re\",\"isPartOf\":{\"@id\":\"https:\\\/\\\/www.maison-boissiere.com\\\/fr\\\/#website\"},\"primaryImageOfPage\":{\"@id\":\"https:\\\/\\\/www.maison-boissiere.com\\\/fr\\\/cancellation-and-refund\\\/#primaryimage\"},\"image\":{\"@id\":\"https:\\\/\\\/www.maison-boissiere.com\\\/fr\\\/cancellation-and-refund\\\/#primaryimage\"},\"thumbnailUrl\":\"https:\\\/\\\/www.maison-boissiere.com\\\/wp-content\\\/uploads\\\/2024\\\/12\\\/cancellation-min-1.jpg\",\"datePublished\":\"2024-11-06T16:09:17+00:00\",\"dateModified\":\"2024-12-18T11:20:04+00:00\",\"breadcrumb\":{\"@id\":\"https:\\\/\\\/www.maison-boissiere.com\\\/fr\\\/cancellation-and-refund\\\/#breadcrumb\"},\"inLanguage\":\"fr-FR\",\"potentialAction\":[{\"@type\":\"ReadAction\",\"target\":[\"https:\\\/\\\/www.maison-boissiere.com\\\/fr\\\/cancellation-and-refund\\\/\"]}]},{\"@type\":\"ImageObject\",\"inLanguage\":\"fr-FR\",\"@id\":\"https:\\\/\\\/www.maison-boissiere.com\\\/fr\\\/cancellation-and-refund\\\/#primaryimage\",\"url\":\"https:\\\/\\\/www.maison-boissiere.com\\\/wp-content\\\/uploads\\\/2024\\\/12\\\/cancellation-min-1.jpg\",\"contentUrl\":\"https:\\\/\\\/www.maison-boissiere.com\\\/wp-content\\\/uploads\\\/2024\\\/12\\\/cancellation-min-1.jpg\",\"width\":2560,\"height\":676},{\"@type\":\"BreadcrumbList\",\"@id\":\"https:\\\/\\\/www.maison-boissiere.com\\\/fr\\\/cancellation-and-refund\\\/#breadcrumb\",\"itemListElement\":[{\"@type\":\"ListItem\",\"position\":1,\"name\":\"Accueil\",\"item\":\"https:\\\/\\\/www.maison-boissiere.com\\\/fr\\\/home\\\/\"},{\"@type\":\"ListItem\",\"position\":2,\"name\":\"Annulation et remboursements\"}]},{\"@type\":\"WebSite\",\"@id\":\"https:\\\/\\\/www.maison-boissiere.com\\\/fr\\\/#website\",\"url\":\"https:\\\/\\\/www.maison-boissiere.com\\\/fr\\\/\",\"name\":\"Maison Boissi\u00e8re\",\"description\":\"Luxury service Apartment\",\"publisher\":{\"@id\":\"https:\\\/\\\/www.maison-boissiere.com\\\/fr\\\/#organization\"},\"potentialAction\":[{\"@type\":\"SearchAction\",\"target\":{\"@type\":\"EntryPoint\",\"urlTemplate\":\"https:\\\/\\\/www.maison-boissiere.com\\\/fr\\\/?s={search_term_string}\"},\"query-input\":{\"@type\":\"PropertyValueSpecification\",\"valueRequired\":true,\"valueName\":\"search_term_string\"}}],\"inLanguage\":\"fr-FR\"},{\"@type\":\"Organization\",\"@id\":\"https:\\\/\\\/www.maison-boissiere.com\\\/fr\\\/#organization\",\"name\":\"Maison Boissi\u00e8re\",\"url\":\"https:\\\/\\\/www.maison-boissiere.com\\\/fr\\\/\",\"logo\":{\"@type\":\"ImageObject\",\"inLanguage\":\"fr-FR\",\"@id\":\"https:\\\/\\\/www.maison-boissiere.com\\\/fr\\\/#\\\/schema\\\/logo\\\/image\\\/\",\"url\":\"https:\\\/\\\/www.maison-boissiere.com\\\/wp-content\\\/uploads\\\/2024\\\/10\\\/Logo_MBOISSBR_WHT.svg\",\"contentUrl\":\"https:\\\/\\\/www.maison-boissiere.com\\\/wp-content\\\/uploads\\\/2024\\\/10\\\/Logo_MBOISSBR_WHT.svg\",\"width\":841,\"height\":595,\"caption\":\"Maison Boissi\u00e8re\"},\"image\":{\"@id\":\"https:\\\/\\\/www.maison-boissiere.com\\\/fr\\\/#\\\/schema\\\/logo\\\/image\\\/\"}}]}<\/script>\n<!-- \/ Yoast SEO plugin. -->","yoast_head_json":{"title":"Annulation et remboursements - Maison Boissi\u00e8re","robots":{"index":"index","follow":"follow","max-snippet":"max-snippet:-1","max-image-preview":"max-image-preview:large","max-video-preview":"max-video-preview:-1"},"canonical":"https:\/\/www.maison-boissiere.com\/fr\/cancellation-and-refund\/","og_locale":"fr_FR","og_type":"article","og_title":"Annulation et remboursements - Maison Boissi\u00e8re","og_description":"A la Maison Boissi\u00e8re BARNES Residences, nous avons mis en place une s\u00e9rie de mesures pour assurer votre tranquillit\u00e9 d&rsquo;esprit lorsque vous r\u00e9servez avec nous, vous permettant de vous concentrer sur le plaisir de votre exp\u00e9rience de luxe \u00e0 Paris. En cas d&rsquo;impr\u00e9vu, nous ferons tout notre possible pour vous aider \u00e0 annuler votre voyage [&hellip;]","og_url":"https:\/\/www.maison-boissiere.com\/fr\/cancellation-and-refund\/","og_site_name":"Maison Boissi\u00e8re","article_modified_time":"2024-12-18T11:20:04+00:00","og_image":[{"width":2560,"height":676,"url":"https:\/\/www.maison-boissiere.com\/wp-content\/uploads\/2024\/12\/cancellation-min-1.jpg","type":"image\/jpeg"}],"twitter_card":"summary_large_image","twitter_misc":{"Dur\u00e9e de lecture estim\u00e9e":"3 minutes"},"schema":{"@context":"https:\/\/schema.org","@graph":[{"@type":"WebPage","@id":"https:\/\/www.maison-boissiere.com\/fr\/cancellation-and-refund\/","url":"https:\/\/www.maison-boissiere.com\/fr\/cancellation-and-refund\/","name":"Annulation et remboursements - Maison Boissi\u00e8re","isPartOf":{"@id":"https:\/\/www.maison-boissiere.com\/fr\/#website"},"primaryImageOfPage":{"@id":"https:\/\/www.maison-boissiere.com\/fr\/cancellation-and-refund\/#primaryimage"},"image":{"@id":"https:\/\/www.maison-boissiere.com\/fr\/cancellation-and-refund\/#primaryimage"},"thumbnailUrl":"https:\/\/www.maison-boissiere.com\/wp-content\/uploads\/2024\/12\/cancellation-min-1.jpg","datePublished":"2024-11-06T16:09:17+00:00","dateModified":"2024-12-18T11:20:04+00:00","breadcrumb":{"@id":"https:\/\/www.maison-boissiere.com\/fr\/cancellation-and-refund\/#breadcrumb"},"inLanguage":"fr-FR","potentialAction":[{"@type":"ReadAction","target":["https:\/\/www.maison-boissiere.com\/fr\/cancellation-and-refund\/"]}]},{"@type":"ImageObject","inLanguage":"fr-FR","@id":"https:\/\/www.maison-boissiere.com\/fr\/cancellation-and-refund\/#primaryimage","url":"https:\/\/www.maison-boissiere.com\/wp-content\/uploads\/2024\/12\/cancellation-min-1.jpg","contentUrl":"https:\/\/www.maison-boissiere.com\/wp-content\/uploads\/2024\/12\/cancellation-min-1.jpg","width":2560,"height":676},{"@type":"BreadcrumbList","@id":"https:\/\/www.maison-boissiere.com\/fr\/cancellation-and-refund\/#breadcrumb","itemListElement":[{"@type":"ListItem","position":1,"name":"Accueil","item":"https:\/\/www.maison-boissiere.com\/fr\/home\/"},{"@type":"ListItem","position":2,"name":"Annulation et remboursements"}]},{"@type":"WebSite","@id":"https:\/\/www.maison-boissiere.com\/fr\/#website","url":"https:\/\/www.maison-boissiere.com\/fr\/","name":"Maison Boissi\u00e8re","description":"Luxury service Apartment","publisher":{"@id":"https:\/\/www.maison-boissiere.com\/fr\/#organization"},"potentialAction":[{"@type":"SearchAction","target":{"@type":"EntryPoint","urlTemplate":"https:\/\/www.maison-boissiere.com\/fr\/?s={search_term_string}"},"query-input":{"@type":"PropertyValueSpecification","valueRequired":true,"valueName":"search_term_string"}}],"inLanguage":"fr-FR"},{"@type":"Organization","@id":"https:\/\/www.maison-boissiere.com\/fr\/#organization","name":"Maison Boissi\u00e8re","url":"https:\/\/www.maison-boissiere.com\/fr\/","logo":{"@type":"ImageObject","inLanguage":"fr-FR","@id":"https:\/\/www.maison-boissiere.com\/fr\/#\/schema\/logo\/image\/","url":"https:\/\/www.maison-boissiere.com\/wp-content\/uploads\/2024\/10\/Logo_MBOISSBR_WHT.svg","contentUrl":"https:\/\/www.maison-boissiere.com\/wp-content\/uploads\/2024\/10\/Logo_MBOISSBR_WHT.svg","width":841,"height":595,"caption":"Maison Boissi\u00e8re"},"image":{"@id":"https:\/\/www.maison-boissiere.com\/fr\/#\/schema\/logo\/image\/"}}]}},"_links":{"self":[{"href":"https:\/\/www.maison-boissiere.com\/fr\/wp-json\/wp\/v2\/pages\/6037","targetHints":{"allow":["GET"]}}],"collection":[{"href":"https:\/\/www.maison-boissiere.com\/fr\/wp-json\/wp\/v2\/pages"}],"about":[{"href":"https:\/\/www.maison-boissiere.com\/fr\/wp-json\/wp\/v2\/types\/page"}],"author":[{"embeddable":true,"href":"https:\/\/www.maison-boissiere.com\/fr\/wp-json\/wp\/v2\/users\/2"}],"replies":[{"embeddable":true,"href":"https:\/\/www.maison-boissiere.com\/fr\/wp-json\/wp\/v2\/comments?post=6037"}],"version-history":[{"count":5,"href":"https:\/\/www.maison-boissiere.com\/fr\/wp-json\/wp\/v2\/pages\/6037\/revisions"}],"predecessor-version":[{"id":6236,"href":"https:\/\/www.maison-boissiere.com\/fr\/wp-json\/wp\/v2\/pages\/6037\/revisions\/6236"}],"wp:featuredmedia":[{"embeddable":true,"href":"https:\/\/www.maison-boissiere.com\/fr\/wp-json\/wp\/v2\/media\/5108"}],"wp:attachment":[{"href":"https:\/\/www.maison-boissiere.com\/fr\/wp-json\/wp\/v2\/media?parent=6037"}],"curies":[{"name":"wp","href":"https:\/\/api.w.org\/{rel}","templated":true}]}}