{"id":6436,"date":"2025-04-28T18:01:04","date_gmt":"2025-04-28T16:01:04","guid":{"rendered":"https:\/\/www.maison-boissiere.com\/?page_id=6436"},"modified":"2025-04-29T10:04:44","modified_gmt":"2025-04-29T08:04:44","slug":"sustainabilty","status":"publish","type":"page","link":"https:\/\/www.maison-boissiere.com\/fr\/sustainabilty\/","title":{"rendered":"D\u00e9veloppement durable"},"content":{"rendered":"\t\t<div data-elementor-type=\"wp-page\" data-elementor-id=\"6436\" class=\"elementor elementor-6436 elementor-6434\" data-elementor-post-type=\"page\">\n\t\t\t\t<div class=\"elementor-element elementor-element-6ef094f e-flex e-con-boxed e-con e-parent\" data-id=\"6ef094f\" data-element_type=\"container\" data-e-type=\"container\" data-settings=\"{&quot;background_background&quot;:&quot;classic&quot;}\">\n\t\t\t\t\t<div class=\"e-con-inner\">\n\t\t\t\t<div class=\"elementor-element elementor-element-14da59a elementor-widget elementor-widget-spacer\" data-id=\"14da59a\" data-element_type=\"widget\" data-e-type=\"widget\" data-widget_type=\"spacer.default\">\n\t\t\t\t\t\t\t<div class=\"elementor-spacer\">\n\t\t\t<div class=\"elementor-spacer-inner\"><\/div>\n\t\t<\/div>\n\t\t\t\t\t\t<\/div>\n\t\t\t\t\t<\/div>\n\t\t\t\t<\/div>\n\t\t<div class=\"elementor-element elementor-element-52fdf93 e-flex e-con-boxed e-con e-parent\" data-id=\"52fdf93\" data-element_type=\"container\" data-e-type=\"container\" data-settings=\"{&quot;background_background&quot;:&quot;classic&quot;}\">\n\t\t\t\t\t<div class=\"e-con-inner\">\n\t\t<div class=\"elementor-element elementor-element-a5ca291 e-con-full e-flex e-con e-child\" data-id=\"a5ca291\" data-element_type=\"container\" data-e-type=\"container\">\n\t\t<div class=\"elementor-element elementor-element-d3f69a3 e-con-full e-flex e-con e-child\" data-id=\"d3f69a3\" data-element_type=\"container\" data-e-type=\"container\">\n\t\t\t\t<div class=\"elementor-element elementor-element-83a72fb elementor-widget__width-initial elementor-widget-tablet__width-initial animated-slow elementor-invisible elementor-widget elementor-widget-text-editor\" data-id=\"83a72fb\" data-element_type=\"widget\" data-e-type=\"widget\" data-settings=\"{&quot;_animation&quot;:&quot;fadeIn&quot;}\" data-widget_type=\"text-editor.default\">\n\t\t\t\t\t\t\t\t\t<p>Nous avons d\u00e9cid\u00e9 de nous engager pour la pr\u00e9servation de la plan\u00e8te. Notre personnel est form\u00e9 et sensibilis\u00e9 aux enjeux environnementaux, nous avons install\u00e9 dans tous nos appartements des \u00e9quipements \u00e9conomes en eau et en \u00e9nergie et nous vous proposons des produits de SDB labellis\u00e9s. Au petit-d\u00e9jeuner, vous pourrez d\u00e9guster des produits Bio et\/ou issus de l\u2019agriculture fran\u00e7aise et\/ou r\u00e9gionale. Vous pouvez nous accompagner dans cette d\u00e9marche par vos suggestions ou en respectant quelques gestes simples du quotidien visant \u00e0 r\u00e9duire les consommations d\u2019eau et d\u2019\u00e9nergie.   <\/p><p> <\/p>\t\t\t\t\t\t\t\t<\/div>\n\t\t\t\t<\/div>\n\t\t\t\t<\/div>\n\t\t\t\t\t<\/div>\n\t\t\t\t<\/div>\n\t\t<div class=\"elementor-element elementor-element-09b6be4 e-flex e-con-boxed e-con e-parent\" data-id=\"09b6be4\" data-element_type=\"container\" data-e-type=\"container\">\n\t\t\t\t\t<div class=\"e-con-inner\">\n\t\t\t\t<div class=\"elementor-element elementor-element-42fe7bf elementor-widget elementor-widget-breadcrumbs\" data-id=\"42fe7bf\" data-element_type=\"widget\" data-e-type=\"widget\" data-widget_type=\"breadcrumbs.default\">\n\t\t\t\t\t<p id=\"breadcrumbs\"><span><span><a href=\"https:\/\/www.maison-boissiere.com\/fr\/home\/\">Accueil<\/a><\/span><\/span><\/p>\t\t\t\t<\/div>\n\t\t\t\t\t<\/div>\n\t\t\t\t<\/div>\n\t\t\t\t<\/div>\n\t\t","protected":false},"excerpt":{"rendered":"<p>Nous avons d\u00e9cid\u00e9 de nous engager pour la pr\u00e9servation de la plan\u00e8te. Notre personnel est form\u00e9 et sensibilis\u00e9 aux enjeux environnementaux, nous avons install\u00e9 dans tous nos appartements des \u00e9quipements \u00e9conomes en eau et en \u00e9nergie et nous vous proposons des produits de SDB labellis\u00e9s. Au petit-d\u00e9jeuner, vous pourrez d\u00e9guster des produits Bio et\/ou issus [&hellip;]<\/p>\n","protected":false},"author":2,"featured_media":0,"parent":0,"menu_order":12,"comment_status":"closed","ping_status":"closed","template":"","meta":{"_acf_changed":false,"inline_featured_image":false,"footnotes":""},"class_list":["post-6436","page","type-page","status-publish","hentry"],"acf":[],"yoast_head":"<!-- This site is optimized with the Yoast SEO plugin v27.3 - https:\/\/yoast.com\/product\/yoast-seo-wordpress\/ -->\n<title>D\u00e9veloppement durable - Maison Boissi\u00e8re<\/title>\n<meta name=\"robots\" content=\"index, follow, max-snippet:-1, max-image-preview:large, max-video-preview:-1\" \/>\n<link rel=\"canonical\" href=\"https:\/\/www.maison-boissiere.com\/fr\/sustainabilty\/\" \/>\n<meta property=\"og:locale\" content=\"fr_FR\" \/>\n<meta property=\"og:type\" content=\"article\" \/>\n<meta property=\"og:title\" content=\"D\u00e9veloppement durable - Maison Boissi\u00e8re\" \/>\n<meta property=\"og:description\" content=\"Nous avons d\u00e9cid\u00e9 de nous engager pour la pr\u00e9servation de la plan\u00e8te. Notre personnel est form\u00e9 et sensibilis\u00e9 aux enjeux environnementaux, nous avons install\u00e9 dans tous nos appartements des \u00e9quipements \u00e9conomes en eau et en \u00e9nergie et nous vous proposons des produits de SDB labellis\u00e9s. Au petit-d\u00e9jeuner, vous pourrez d\u00e9guster des produits Bio et\/ou issus [&hellip;]\" \/>\n<meta property=\"og:url\" content=\"https:\/\/www.maison-boissiere.com\/fr\/sustainabilty\/\" \/>\n<meta property=\"og:site_name\" content=\"Maison Boissi\u00e8re\" \/>\n<meta property=\"article:modified_time\" content=\"2025-04-29T08:04:44+00:00\" \/>\n<meta name=\"twitter:card\" content=\"summary_large_image\" \/>\n<meta name=\"twitter:label1\" content=\"Dur\u00e9e de lecture estim\u00e9e\" \/>\n\t<meta name=\"twitter:data1\" content=\"2 minutes\" \/>\n<script type=\"application\/ld+json\" class=\"yoast-schema-graph\">{\"@context\":\"https:\\\/\\\/schema.org\",\"@graph\":[{\"@type\":\"WebPage\",\"@id\":\"https:\\\/\\\/www.maison-boissiere.com\\\/fr\\\/sustainabilty\\\/\",\"url\":\"https:\\\/\\\/www.maison-boissiere.com\\\/fr\\\/sustainabilty\\\/\",\"name\":\"D\u00e9veloppement durable - Maison Boissi\u00e8re\",\"isPartOf\":{\"@id\":\"https:\\\/\\\/www.maison-boissiere.com\\\/fr\\\/#website\"},\"datePublished\":\"2025-04-28T16:01:04+00:00\",\"dateModified\":\"2025-04-29T08:04:44+00:00\",\"breadcrumb\":{\"@id\":\"https:\\\/\\\/www.maison-boissiere.com\\\/fr\\\/sustainabilty\\\/#breadcrumb\"},\"inLanguage\":\"fr-FR\",\"potentialAction\":[{\"@type\":\"ReadAction\",\"target\":[\"https:\\\/\\\/www.maison-boissiere.com\\\/fr\\\/sustainabilty\\\/\"]}]},{\"@type\":\"BreadcrumbList\",\"@id\":\"https:\\\/\\\/www.maison-boissiere.com\\\/fr\\\/sustainabilty\\\/#breadcrumb\",\"itemListElement\":[{\"@type\":\"ListItem\",\"position\":1,\"name\":\"Accueil\",\"item\":\"https:\\\/\\\/www.maison-boissiere.com\\\/fr\\\/home\\\/\"},{\"@type\":\"ListItem\",\"position\":2,\"name\":\"D\u00e9veloppement durable\"}]},{\"@type\":\"WebSite\",\"@id\":\"https:\\\/\\\/www.maison-boissiere.com\\\/fr\\\/#website\",\"url\":\"https:\\\/\\\/www.maison-boissiere.com\\\/fr\\\/\",\"name\":\"Maison Boissi\u00e8re\",\"description\":\"Luxury service Apartment\",\"publisher\":{\"@id\":\"https:\\\/\\\/www.maison-boissiere.com\\\/fr\\\/#organization\"},\"potentialAction\":[{\"@type\":\"SearchAction\",\"target\":{\"@type\":\"EntryPoint\",\"urlTemplate\":\"https:\\\/\\\/www.maison-boissiere.com\\\/fr\\\/?s={search_term_string}\"},\"query-input\":{\"@type\":\"PropertyValueSpecification\",\"valueRequired\":true,\"valueName\":\"search_term_string\"}}],\"inLanguage\":\"fr-FR\"},{\"@type\":\"Organization\",\"@id\":\"https:\\\/\\\/www.maison-boissiere.com\\\/fr\\\/#organization\",\"name\":\"Maison Boissi\u00e8re\",\"url\":\"https:\\\/\\\/www.maison-boissiere.com\\\/fr\\\/\",\"logo\":{\"@type\":\"ImageObject\",\"inLanguage\":\"fr-FR\",\"@id\":\"https:\\\/\\\/www.maison-boissiere.com\\\/fr\\\/#\\\/schema\\\/logo\\\/image\\\/\",\"url\":\"https:\\\/\\\/www.maison-boissiere.com\\\/wp-content\\\/uploads\\\/2024\\\/10\\\/Logo_MBOISSBR_WHT.svg\",\"contentUrl\":\"https:\\\/\\\/www.maison-boissiere.com\\\/wp-content\\\/uploads\\\/2024\\\/10\\\/Logo_MBOISSBR_WHT.svg\",\"width\":841,\"height\":595,\"caption\":\"Maison Boissi\u00e8re\"},\"image\":{\"@id\":\"https:\\\/\\\/www.maison-boissiere.com\\\/fr\\\/#\\\/schema\\\/logo\\\/image\\\/\"}}]}<\/script>\n<!-- \/ Yoast SEO plugin. -->","yoast_head_json":{"title":"D\u00e9veloppement durable - Maison Boissi\u00e8re","robots":{"index":"index","follow":"follow","max-snippet":"max-snippet:-1","max-image-preview":"max-image-preview:large","max-video-preview":"max-video-preview:-1"},"canonical":"https:\/\/www.maison-boissiere.com\/fr\/sustainabilty\/","og_locale":"fr_FR","og_type":"article","og_title":"D\u00e9veloppement durable - Maison Boissi\u00e8re","og_description":"Nous avons d\u00e9cid\u00e9 de nous engager pour la pr\u00e9servation de la plan\u00e8te. Notre personnel est form\u00e9 et sensibilis\u00e9 aux enjeux environnementaux, nous avons install\u00e9 dans tous nos appartements des \u00e9quipements \u00e9conomes en eau et en \u00e9nergie et nous vous proposons des produits de SDB labellis\u00e9s. Au petit-d\u00e9jeuner, vous pourrez d\u00e9guster des produits Bio et\/ou issus [&hellip;]","og_url":"https:\/\/www.maison-boissiere.com\/fr\/sustainabilty\/","og_site_name":"Maison Boissi\u00e8re","article_modified_time":"2025-04-29T08:04:44+00:00","twitter_card":"summary_large_image","twitter_misc":{"Dur\u00e9e de lecture estim\u00e9e":"2 minutes"},"schema":{"@context":"https:\/\/schema.org","@graph":[{"@type":"WebPage","@id":"https:\/\/www.maison-boissiere.com\/fr\/sustainabilty\/","url":"https:\/\/www.maison-boissiere.com\/fr\/sustainabilty\/","name":"D\u00e9veloppement durable - Maison Boissi\u00e8re","isPartOf":{"@id":"https:\/\/www.maison-boissiere.com\/fr\/#website"},"datePublished":"2025-04-28T16:01:04+00:00","dateModified":"2025-04-29T08:04:44+00:00","breadcrumb":{"@id":"https:\/\/www.maison-boissiere.com\/fr\/sustainabilty\/#breadcrumb"},"inLanguage":"fr-FR","potentialAction":[{"@type":"ReadAction","target":["https:\/\/www.maison-boissiere.com\/fr\/sustainabilty\/"]}]},{"@type":"BreadcrumbList","@id":"https:\/\/www.maison-boissiere.com\/fr\/sustainabilty\/#breadcrumb","itemListElement":[{"@type":"ListItem","position":1,"name":"Accueil","item":"https:\/\/www.maison-boissiere.com\/fr\/home\/"},{"@type":"ListItem","position":2,"name":"D\u00e9veloppement durable"}]},{"@type":"WebSite","@id":"https:\/\/www.maison-boissiere.com\/fr\/#website","url":"https:\/\/www.maison-boissiere.com\/fr\/","name":"Maison Boissi\u00e8re","description":"Luxury service Apartment","publisher":{"@id":"https:\/\/www.maison-boissiere.com\/fr\/#organization"},"potentialAction":[{"@type":"SearchAction","target":{"@type":"EntryPoint","urlTemplate":"https:\/\/www.maison-boissiere.com\/fr\/?s={search_term_string}"},"query-input":{"@type":"PropertyValueSpecification","valueRequired":true,"valueName":"search_term_string"}}],"inLanguage":"fr-FR"},{"@type":"Organization","@id":"https:\/\/www.maison-boissiere.com\/fr\/#organization","name":"Maison Boissi\u00e8re","url":"https:\/\/www.maison-boissiere.com\/fr\/","logo":{"@type":"ImageObject","inLanguage":"fr-FR","@id":"https:\/\/www.maison-boissiere.com\/fr\/#\/schema\/logo\/image\/","url":"https:\/\/www.maison-boissiere.com\/wp-content\/uploads\/2024\/10\/Logo_MBOISSBR_WHT.svg","contentUrl":"https:\/\/www.maison-boissiere.com\/wp-content\/uploads\/2024\/10\/Logo_MBOISSBR_WHT.svg","width":841,"height":595,"caption":"Maison Boissi\u00e8re"},"image":{"@id":"https:\/\/www.maison-boissiere.com\/fr\/#\/schema\/logo\/image\/"}}]}},"_links":{"self":[{"href":"https:\/\/www.maison-boissiere.com\/fr\/wp-json\/wp\/v2\/pages\/6436","targetHints":{"allow":["GET"]}}],"collection":[{"href":"https:\/\/www.maison-boissiere.com\/fr\/wp-json\/wp\/v2\/pages"}],"about":[{"href":"https:\/\/www.maison-boissiere.com\/fr\/wp-json\/wp\/v2\/types\/page"}],"author":[{"embeddable":true,"href":"https:\/\/www.maison-boissiere.com\/fr\/wp-json\/wp\/v2\/users\/2"}],"replies":[{"embeddable":true,"href":"https:\/\/www.maison-boissiere.com\/fr\/wp-json\/wp\/v2\/comments?post=6436"}],"version-history":[{"count":4,"href":"https:\/\/www.maison-boissiere.com\/fr\/wp-json\/wp\/v2\/pages\/6436\/revisions"}],"predecessor-version":[{"id":6461,"href":"https:\/\/www.maison-boissiere.com\/fr\/wp-json\/wp\/v2\/pages\/6436\/revisions\/6461"}],"wp:attachment":[{"href":"https:\/\/www.maison-boissiere.com\/fr\/wp-json\/wp\/v2\/media?parent=6436"}],"curies":[{"name":"wp","href":"https:\/\/api.w.org\/{rel}","templated":true}]}}