{"id":6468,"date":"2025-04-29T10:12:54","date_gmt":"2025-04-29T08:12:54","guid":{"rendered":"https:\/\/www.maison-boissiere.com\/?page_id=6468"},"modified":"2025-04-29T10:22:14","modified_gmt":"2025-04-29T08:22:14","slug":"accessibility","status":"publish","type":"page","link":"https:\/\/www.maison-boissiere.com\/fr\/accessibility\/","title":{"rendered":"Accessibilit\u00e9"},"content":{"rendered":"\t\t<div data-elementor-type=\"wp-page\" data-elementor-id=\"6468\" class=\"elementor elementor-6468 elementor-6466\" data-elementor-post-type=\"page\">\n\t\t\t\t<div class=\"elementor-element elementor-element-6ef094f e-flex e-con-boxed e-con e-parent\" data-id=\"6ef094f\" data-element_type=\"container\" data-e-type=\"container\" data-settings=\"{&quot;background_background&quot;:&quot;classic&quot;}\">\n\t\t\t\t\t<div class=\"e-con-inner\">\n\t\t\t\t<div class=\"elementor-element elementor-element-14da59a elementor-widget elementor-widget-spacer\" data-id=\"14da59a\" data-element_type=\"widget\" data-e-type=\"widget\" data-widget_type=\"spacer.default\">\n\t\t\t\t\t\t\t<div class=\"elementor-spacer\">\n\t\t\t<div class=\"elementor-spacer-inner\"><\/div>\n\t\t<\/div>\n\t\t\t\t\t\t<\/div>\n\t\t\t\t\t<\/div>\n\t\t\t\t<\/div>\n\t\t<div class=\"elementor-element elementor-element-52fdf93 e-flex e-con-boxed e-con e-parent\" data-id=\"52fdf93\" data-element_type=\"container\" data-e-type=\"container\" data-settings=\"{&quot;background_background&quot;:&quot;classic&quot;}\">\n\t\t\t\t\t<div class=\"e-con-inner\">\n\t\t<div class=\"elementor-element elementor-element-a5ca291 e-con-full e-flex e-con e-child\" data-id=\"a5ca291\" data-element_type=\"container\" data-e-type=\"container\">\n\t\t<div class=\"elementor-element elementor-element-d3f69a3 e-con-full e-flex e-con e-child\" data-id=\"d3f69a3\" data-element_type=\"container\" data-e-type=\"container\">\n\t\t\t\t<div class=\"elementor-element elementor-element-83a72fb elementor-widget__width-initial elementor-widget-tablet__width-initial animated-slow elementor-invisible elementor-widget elementor-widget-text-editor\" data-id=\"83a72fb\" data-element_type=\"widget\" data-e-type=\"widget\" data-settings=\"{&quot;_animation&quot;:&quot;fadeIn&quot;}\" data-widget_type=\"text-editor.default\">\n\t\t\t\t\t\t\t\t\t<p>Malgr\u00e9 tous nos efforts, notre r\u00e9sidence n\u2019est pas accessible aux personnes pr\u00e9sentant un handicap moteur. N\u00e9anmoins, nous disposons d\u2019\u00e9quipements sp\u00e9cifiques pour les autres types de handicap tels que boucle magn\u00e9tique, t\u00e9l\u00e9phone et t\u00e9l\u00e9commande \u00e0 grosses touches. De plus, notre personnel est form\u00e9 et sensibilis\u00e9 \u00e0 l\u2019accueil de nos clients pr\u00e9sentant un handicap visuel ou auditif. Notre objectif est de rendre votre s\u00e9jour agr\u00e9able et confortable, n\u2019h\u00e9sitez donc pas \u00e0 nous contacter en amont de votre arriv\u00e9e pour que nous puissions vous proposer la chambre la mieux adapt\u00e9e et les \u00e9quipements que vous pourriez souhaiter.   <\/p>\t\t\t\t\t\t\t\t<\/div>\n\t\t\t\t<\/div>\n\t\t\t\t<\/div>\n\t\t\t\t\t<\/div>\n\t\t\t\t<\/div>\n\t\t<div class=\"elementor-element elementor-element-09b6be4 e-flex e-con-boxed e-con e-parent\" data-id=\"09b6be4\" data-element_type=\"container\" data-e-type=\"container\">\n\t\t\t\t\t<div class=\"e-con-inner\">\n\t\t\t\t<div class=\"elementor-element elementor-element-42fe7bf elementor-widget elementor-widget-breadcrumbs\" data-id=\"42fe7bf\" data-element_type=\"widget\" data-e-type=\"widget\" data-widget_type=\"breadcrumbs.default\">\n\t\t\t\t\t<p id=\"breadcrumbs\"><span><span><a href=\"https:\/\/www.maison-boissiere.com\/fr\/home\/\">Accueil<\/a><\/span><\/span><\/p>\t\t\t\t<\/div>\n\t\t\t\t\t<\/div>\n\t\t\t\t<\/div>\n\t\t\t\t<\/div>\n\t\t","protected":false},"excerpt":{"rendered":"<p>Malgr\u00e9 tous nos efforts, notre r\u00e9sidence n\u2019est pas accessible aux personnes pr\u00e9sentant un handicap moteur. N\u00e9anmoins, nous disposons d\u2019\u00e9quipements sp\u00e9cifiques pour les autres types de handicap tels que boucle magn\u00e9tique, t\u00e9l\u00e9phone et t\u00e9l\u00e9commande \u00e0 grosses touches. De plus, notre personnel est form\u00e9 et sensibilis\u00e9 \u00e0 l\u2019accueil de nos clients pr\u00e9sentant un handicap visuel ou auditif. [&hellip;]<\/p>\n","protected":false},"author":2,"featured_media":0,"parent":0,"menu_order":10,"comment_status":"closed","ping_status":"closed","template":"","meta":{"_acf_changed":false,"inline_featured_image":false,"footnotes":""},"class_list":["post-6468","page","type-page","status-publish","hentry"],"acf":[],"yoast_head":"<!-- This site is optimized with the Yoast SEO plugin v27.3 - https:\/\/yoast.com\/product\/yoast-seo-wordpress\/ -->\n<title>Accessibilit\u00e9 - Maison Boissi\u00e8re<\/title>\n<meta name=\"robots\" content=\"index, follow, max-snippet:-1, max-image-preview:large, max-video-preview:-1\" \/>\n<link rel=\"canonical\" href=\"https:\/\/www.maison-boissiere.com\/fr\/accessibility\/\" \/>\n<meta property=\"og:locale\" content=\"fr_FR\" \/>\n<meta property=\"og:type\" content=\"article\" \/>\n<meta property=\"og:title\" content=\"Accessibilit\u00e9 - Maison Boissi\u00e8re\" \/>\n<meta property=\"og:description\" content=\"Malgr\u00e9 tous nos efforts, notre r\u00e9sidence n\u2019est pas accessible aux personnes pr\u00e9sentant un handicap moteur. N\u00e9anmoins, nous disposons d\u2019\u00e9quipements sp\u00e9cifiques pour les autres types de handicap tels que boucle magn\u00e9tique, t\u00e9l\u00e9phone et t\u00e9l\u00e9commande \u00e0 grosses touches. De plus, notre personnel est form\u00e9 et sensibilis\u00e9 \u00e0 l\u2019accueil de nos clients pr\u00e9sentant un handicap visuel ou auditif. [&hellip;]\" \/>\n<meta property=\"og:url\" content=\"https:\/\/www.maison-boissiere.com\/fr\/accessibility\/\" \/>\n<meta property=\"og:site_name\" content=\"Maison Boissi\u00e8re\" \/>\n<meta property=\"article:modified_time\" content=\"2025-04-29T08:22:14+00:00\" \/>\n<meta name=\"twitter:card\" content=\"summary_large_image\" \/>\n<meta name=\"twitter:label1\" content=\"Dur\u00e9e de lecture estim\u00e9e\" \/>\n\t<meta name=\"twitter:data1\" content=\"2 minutes\" \/>\n<script type=\"application\/ld+json\" class=\"yoast-schema-graph\">{\"@context\":\"https:\\\/\\\/schema.org\",\"@graph\":[{\"@type\":\"WebPage\",\"@id\":\"https:\\\/\\\/www.maison-boissiere.com\\\/fr\\\/accessibility\\\/\",\"url\":\"https:\\\/\\\/www.maison-boissiere.com\\\/fr\\\/accessibility\\\/\",\"name\":\"Accessibilit\u00e9 - Maison Boissi\u00e8re\",\"isPartOf\":{\"@id\":\"https:\\\/\\\/www.maison-boissiere.com\\\/fr\\\/#website\"},\"datePublished\":\"2025-04-29T08:12:54+00:00\",\"dateModified\":\"2025-04-29T08:22:14+00:00\",\"breadcrumb\":{\"@id\":\"https:\\\/\\\/www.maison-boissiere.com\\\/fr\\\/accessibility\\\/#breadcrumb\"},\"inLanguage\":\"fr-FR\",\"potentialAction\":[{\"@type\":\"ReadAction\",\"target\":[\"https:\\\/\\\/www.maison-boissiere.com\\\/fr\\\/accessibility\\\/\"]}]},{\"@type\":\"BreadcrumbList\",\"@id\":\"https:\\\/\\\/www.maison-boissiere.com\\\/fr\\\/accessibility\\\/#breadcrumb\",\"itemListElement\":[{\"@type\":\"ListItem\",\"position\":1,\"name\":\"Accueil\",\"item\":\"https:\\\/\\\/www.maison-boissiere.com\\\/fr\\\/home\\\/\"},{\"@type\":\"ListItem\",\"position\":2,\"name\":\"Accessibilit\u00e9\"}]},{\"@type\":\"WebSite\",\"@id\":\"https:\\\/\\\/www.maison-boissiere.com\\\/fr\\\/#website\",\"url\":\"https:\\\/\\\/www.maison-boissiere.com\\\/fr\\\/\",\"name\":\"Maison Boissi\u00e8re\",\"description\":\"Luxury service Apartment\",\"publisher\":{\"@id\":\"https:\\\/\\\/www.maison-boissiere.com\\\/fr\\\/#organization\"},\"potentialAction\":[{\"@type\":\"SearchAction\",\"target\":{\"@type\":\"EntryPoint\",\"urlTemplate\":\"https:\\\/\\\/www.maison-boissiere.com\\\/fr\\\/?s={search_term_string}\"},\"query-input\":{\"@type\":\"PropertyValueSpecification\",\"valueRequired\":true,\"valueName\":\"search_term_string\"}}],\"inLanguage\":\"fr-FR\"},{\"@type\":\"Organization\",\"@id\":\"https:\\\/\\\/www.maison-boissiere.com\\\/fr\\\/#organization\",\"name\":\"Maison Boissi\u00e8re\",\"url\":\"https:\\\/\\\/www.maison-boissiere.com\\\/fr\\\/\",\"logo\":{\"@type\":\"ImageObject\",\"inLanguage\":\"fr-FR\",\"@id\":\"https:\\\/\\\/www.maison-boissiere.com\\\/fr\\\/#\\\/schema\\\/logo\\\/image\\\/\",\"url\":\"https:\\\/\\\/www.maison-boissiere.com\\\/wp-content\\\/uploads\\\/2024\\\/10\\\/Logo_MBOISSBR_WHT.svg\",\"contentUrl\":\"https:\\\/\\\/www.maison-boissiere.com\\\/wp-content\\\/uploads\\\/2024\\\/10\\\/Logo_MBOISSBR_WHT.svg\",\"width\":841,\"height\":595,\"caption\":\"Maison Boissi\u00e8re\"},\"image\":{\"@id\":\"https:\\\/\\\/www.maison-boissiere.com\\\/fr\\\/#\\\/schema\\\/logo\\\/image\\\/\"}}]}<\/script>\n<!-- \/ Yoast SEO plugin. -->","yoast_head_json":{"title":"Accessibilit\u00e9 - Maison Boissi\u00e8re","robots":{"index":"index","follow":"follow","max-snippet":"max-snippet:-1","max-image-preview":"max-image-preview:large","max-video-preview":"max-video-preview:-1"},"canonical":"https:\/\/www.maison-boissiere.com\/fr\/accessibility\/","og_locale":"fr_FR","og_type":"article","og_title":"Accessibilit\u00e9 - Maison Boissi\u00e8re","og_description":"Malgr\u00e9 tous nos efforts, notre r\u00e9sidence n\u2019est pas accessible aux personnes pr\u00e9sentant un handicap moteur. N\u00e9anmoins, nous disposons d\u2019\u00e9quipements sp\u00e9cifiques pour les autres types de handicap tels que boucle magn\u00e9tique, t\u00e9l\u00e9phone et t\u00e9l\u00e9commande \u00e0 grosses touches. De plus, notre personnel est form\u00e9 et sensibilis\u00e9 \u00e0 l\u2019accueil de nos clients pr\u00e9sentant un handicap visuel ou auditif. [&hellip;]","og_url":"https:\/\/www.maison-boissiere.com\/fr\/accessibility\/","og_site_name":"Maison Boissi\u00e8re","article_modified_time":"2025-04-29T08:22:14+00:00","twitter_card":"summary_large_image","twitter_misc":{"Dur\u00e9e de lecture estim\u00e9e":"2 minutes"},"schema":{"@context":"https:\/\/schema.org","@graph":[{"@type":"WebPage","@id":"https:\/\/www.maison-boissiere.com\/fr\/accessibility\/","url":"https:\/\/www.maison-boissiere.com\/fr\/accessibility\/","name":"Accessibilit\u00e9 - Maison Boissi\u00e8re","isPartOf":{"@id":"https:\/\/www.maison-boissiere.com\/fr\/#website"},"datePublished":"2025-04-29T08:12:54+00:00","dateModified":"2025-04-29T08:22:14+00:00","breadcrumb":{"@id":"https:\/\/www.maison-boissiere.com\/fr\/accessibility\/#breadcrumb"},"inLanguage":"fr-FR","potentialAction":[{"@type":"ReadAction","target":["https:\/\/www.maison-boissiere.com\/fr\/accessibility\/"]}]},{"@type":"BreadcrumbList","@id":"https:\/\/www.maison-boissiere.com\/fr\/accessibility\/#breadcrumb","itemListElement":[{"@type":"ListItem","position":1,"name":"Accueil","item":"https:\/\/www.maison-boissiere.com\/fr\/home\/"},{"@type":"ListItem","position":2,"name":"Accessibilit\u00e9"}]},{"@type":"WebSite","@id":"https:\/\/www.maison-boissiere.com\/fr\/#website","url":"https:\/\/www.maison-boissiere.com\/fr\/","name":"Maison Boissi\u00e8re","description":"Luxury service Apartment","publisher":{"@id":"https:\/\/www.maison-boissiere.com\/fr\/#organization"},"potentialAction":[{"@type":"SearchAction","target":{"@type":"EntryPoint","urlTemplate":"https:\/\/www.maison-boissiere.com\/fr\/?s={search_term_string}"},"query-input":{"@type":"PropertyValueSpecification","valueRequired":true,"valueName":"search_term_string"}}],"inLanguage":"fr-FR"},{"@type":"Organization","@id":"https:\/\/www.maison-boissiere.com\/fr\/#organization","name":"Maison Boissi\u00e8re","url":"https:\/\/www.maison-boissiere.com\/fr\/","logo":{"@type":"ImageObject","inLanguage":"fr-FR","@id":"https:\/\/www.maison-boissiere.com\/fr\/#\/schema\/logo\/image\/","url":"https:\/\/www.maison-boissiere.com\/wp-content\/uploads\/2024\/10\/Logo_MBOISSBR_WHT.svg","contentUrl":"https:\/\/www.maison-boissiere.com\/wp-content\/uploads\/2024\/10\/Logo_MBOISSBR_WHT.svg","width":841,"height":595,"caption":"Maison Boissi\u00e8re"},"image":{"@id":"https:\/\/www.maison-boissiere.com\/fr\/#\/schema\/logo\/image\/"}}]}},"_links":{"self":[{"href":"https:\/\/www.maison-boissiere.com\/fr\/wp-json\/wp\/v2\/pages\/6468","targetHints":{"allow":["GET"]}}],"collection":[{"href":"https:\/\/www.maison-boissiere.com\/fr\/wp-json\/wp\/v2\/pages"}],"about":[{"href":"https:\/\/www.maison-boissiere.com\/fr\/wp-json\/wp\/v2\/types\/page"}],"author":[{"embeddable":true,"href":"https:\/\/www.maison-boissiere.com\/fr\/wp-json\/wp\/v2\/users\/2"}],"replies":[{"embeddable":true,"href":"https:\/\/www.maison-boissiere.com\/fr\/wp-json\/wp\/v2\/comments?post=6468"}],"version-history":[{"count":5,"href":"https:\/\/www.maison-boissiere.com\/fr\/wp-json\/wp\/v2\/pages\/6468\/revisions"}],"predecessor-version":[{"id":6490,"href":"https:\/\/www.maison-boissiere.com\/fr\/wp-json\/wp\/v2\/pages\/6468\/revisions\/6490"}],"wp:attachment":[{"href":"https:\/\/www.maison-boissiere.com\/fr\/wp-json\/wp\/v2\/media?parent=6468"}],"curies":[{"name":"wp","href":"https:\/\/api.w.org\/{rel}","templated":true}]}}