{"id":6464,"date":"2025-04-28T18:01:04","date_gmt":"2025-04-28T16:01:04","guid":{"rendered":"https:\/\/www.maison-boissiere.com\/sustainabilty\/"},"modified":"2025-04-29T10:59:14","modified_gmt":"2025-04-29T08:59:14","slug":"sustentabilidade","status":"publish","type":"page","link":"https:\/\/www.maison-boissiere.com\/pt-br\/sustentabilidade\/","title":{"rendered":"Sustentabilidade"},"content":{"rendered":"\t\t<div data-elementor-type=\"wp-page\" data-elementor-id=\"6464\" class=\"elementor elementor-6464 elementor-6434\" data-elementor-post-type=\"page\">\n\t\t\t\t<div class=\"elementor-element elementor-element-6ef094f e-flex e-con-boxed e-con e-parent\" data-id=\"6ef094f\" data-element_type=\"container\" data-e-type=\"container\" data-settings=\"{&quot;background_background&quot;:&quot;classic&quot;}\">\n\t\t\t\t\t<div class=\"e-con-inner\">\n\t\t\t\t<div class=\"elementor-element elementor-element-14da59a elementor-widget elementor-widget-spacer\" data-id=\"14da59a\" data-element_type=\"widget\" data-e-type=\"widget\" data-widget_type=\"spacer.default\">\n\t\t\t\t\t\t\t<div class=\"elementor-spacer\">\n\t\t\t<div class=\"elementor-spacer-inner\"><\/div>\n\t\t<\/div>\n\t\t\t\t\t\t<\/div>\n\t\t\t\t\t<\/div>\n\t\t\t\t<\/div>\n\t\t<div class=\"elementor-element elementor-element-52fdf93 e-flex e-con-boxed e-con e-parent\" data-id=\"52fdf93\" data-element_type=\"container\" data-e-type=\"container\" data-settings=\"{&quot;background_background&quot;:&quot;classic&quot;}\">\n\t\t\t\t\t<div class=\"e-con-inner\">\n\t\t<div class=\"elementor-element elementor-element-a5ca291 e-con-full e-flex e-con e-child\" data-id=\"a5ca291\" data-element_type=\"container\" data-e-type=\"container\">\n\t\t<div class=\"elementor-element elementor-element-d3f69a3 e-con-full e-flex e-con e-child\" data-id=\"d3f69a3\" data-element_type=\"container\" data-e-type=\"container\">\n\t\t\t\t<div class=\"elementor-element elementor-element-83a72fb elementor-widget__width-initial elementor-widget-tablet__width-initial animated-slow elementor-invisible elementor-widget elementor-widget-text-editor\" data-id=\"83a72fb\" data-element_type=\"widget\" data-e-type=\"widget\" data-settings=\"{&quot;_animation&quot;:&quot;fadeIn&quot;}\" data-widget_type=\"text-editor.default\">\n\t\t\t\t\t\t\t\t\t<p>Decidimos assumir um compromisso com a preserva\u00e7\u00e3o do planeta. Nossos funcion\u00e1rios s\u00e3o treinados e conscientes das quest\u00f5es ambientais, instalamos equipamentos de economia de \u00e1gua e energia em todos os nossos apartamentos e oferecemos produtos de banheiro certificados. No caf\u00e9 da manh\u00e3, voc\u00ea pode desfrutar de produtos org\u00e2nicos e\/ou produtos da agricultura francesa e\/ou regional. Voc\u00ea pode nos apoiar nessa abordagem com suas sugest\u00f5es ou seguindo alguns gestos simples do dia a dia que visam reduzir o consumo de \u00e1gua e energia.<br data-mce-bogus=\"1\">   <\/p><p> <\/p>\t\t\t\t\t\t\t\t<\/div>\n\t\t\t\t<\/div>\n\t\t\t\t<\/div>\n\t\t\t\t\t<\/div>\n\t\t\t\t<\/div>\n\t\t<div class=\"elementor-element elementor-element-09b6be4 e-flex e-con-boxed e-con e-parent\" data-id=\"09b6be4\" data-element_type=\"container\" data-e-type=\"container\">\n\t\t\t\t\t<div class=\"e-con-inner\">\n\t\t\t\t<div class=\"elementor-element elementor-element-42fe7bf elementor-widget elementor-widget-breadcrumbs\" data-id=\"42fe7bf\" data-element_type=\"widget\" data-e-type=\"widget\" data-widget_type=\"breadcrumbs.default\">\n\t\t\t\t\t<p id=\"breadcrumbs\"><span><span><a href=\"https:\/\/www.maison-boissiere.com\/pt-br\/home\/\">Home<\/a><\/span><\/span><\/p>\t\t\t\t<\/div>\n\t\t\t\t\t<\/div>\n\t\t\t\t<\/div>\n\t\t\t\t<\/div>\n\t\t","protected":false},"excerpt":{"rendered":"<p>Decidimos assumir um compromisso com a preserva\u00e7\u00e3o do planeta. Nossos funcion\u00e1rios s\u00e3o treinados e conscientes das quest\u00f5es ambientais, instalamos equipamentos de economia de \u00e1gua e energia em todos os nossos apartamentos e oferecemos produtos de banheiro certificados. No caf\u00e9 da manh\u00e3, voc\u00ea pode desfrutar de produtos org\u00e2nicos e\/ou produtos da agricultura francesa e\/ou regional. Voc\u00ea [&hellip;]<\/p>\n","protected":false},"author":2,"featured_media":0,"parent":0,"menu_order":14,"comment_status":"closed","ping_status":"closed","template":"","meta":{"_acf_changed":false,"inline_featured_image":false,"footnotes":""},"class_list":["post-6464","page","type-page","status-publish","hentry"],"acf":[],"yoast_head":"<!-- This site is optimized with the Yoast SEO plugin v27.3 - https:\/\/yoast.com\/product\/yoast-seo-wordpress\/ -->\n<title>Sustentabilidade - Maison Boissi\u00e8re<\/title>\n<meta name=\"robots\" content=\"index, follow, max-snippet:-1, max-image-preview:large, max-video-preview:-1\" \/>\n<link rel=\"canonical\" href=\"https:\/\/www.maison-boissiere.com\/pt-br\/sustentabilidade\/\" \/>\n<meta property=\"og:locale\" content=\"pt_BR\" \/>\n<meta property=\"og:type\" content=\"article\" \/>\n<meta property=\"og:title\" content=\"Sustentabilidade - Maison Boissi\u00e8re\" \/>\n<meta property=\"og:description\" content=\"Decidimos assumir um compromisso com a preserva\u00e7\u00e3o do planeta. Nossos funcion\u00e1rios s\u00e3o treinados e conscientes das quest\u00f5es ambientais, instalamos equipamentos de economia de \u00e1gua e energia em todos os nossos apartamentos e oferecemos produtos de banheiro certificados. No caf\u00e9 da manh\u00e3, voc\u00ea pode desfrutar de produtos org\u00e2nicos e\/ou produtos da agricultura francesa e\/ou regional. Voc\u00ea [&hellip;]\" \/>\n<meta property=\"og:url\" content=\"https:\/\/www.maison-boissiere.com\/pt-br\/sustentabilidade\/\" \/>\n<meta property=\"og:site_name\" content=\"Maison Boissi\u00e8re\" \/>\n<meta property=\"article:modified_time\" content=\"2025-04-29T08:59:14+00:00\" \/>\n<meta name=\"twitter:card\" content=\"summary_large_image\" \/>\n<script type=\"application\/ld+json\" class=\"yoast-schema-graph\">{\"@context\":\"https:\\\/\\\/schema.org\",\"@graph\":[{\"@type\":\"WebPage\",\"@id\":\"https:\\\/\\\/www.maison-boissiere.com\\\/pt-br\\\/sustentabilidade\\\/\",\"url\":\"https:\\\/\\\/www.maison-boissiere.com\\\/pt-br\\\/sustentabilidade\\\/\",\"name\":\"Sustentabilidade - Maison Boissi\u00e8re\",\"isPartOf\":{\"@id\":\"https:\\\/\\\/www.maison-boissiere.com\\\/pt-br\\\/#website\"},\"datePublished\":\"2025-04-28T16:01:04+00:00\",\"dateModified\":\"2025-04-29T08:59:14+00:00\",\"breadcrumb\":{\"@id\":\"https:\\\/\\\/www.maison-boissiere.com\\\/pt-br\\\/sustentabilidade\\\/#breadcrumb\"},\"inLanguage\":\"pt-BR\",\"potentialAction\":[{\"@type\":\"ReadAction\",\"target\":[\"https:\\\/\\\/www.maison-boissiere.com\\\/pt-br\\\/sustentabilidade\\\/\"]}]},{\"@type\":\"BreadcrumbList\",\"@id\":\"https:\\\/\\\/www.maison-boissiere.com\\\/pt-br\\\/sustentabilidade\\\/#breadcrumb\",\"itemListElement\":[{\"@type\":\"ListItem\",\"position\":1,\"name\":\"Home\",\"item\":\"https:\\\/\\\/www.maison-boissiere.com\\\/pt-br\\\/home\\\/\"},{\"@type\":\"ListItem\",\"position\":2,\"name\":\"Sustentabilidade\"}]},{\"@type\":\"WebSite\",\"@id\":\"https:\\\/\\\/www.maison-boissiere.com\\\/pt-br\\\/#website\",\"url\":\"https:\\\/\\\/www.maison-boissiere.com\\\/pt-br\\\/\",\"name\":\"Maison Boissi\u00e8re\",\"description\":\"Luxury service Apartment\",\"publisher\":{\"@id\":\"https:\\\/\\\/www.maison-boissiere.com\\\/pt-br\\\/#organization\"},\"potentialAction\":[{\"@type\":\"SearchAction\",\"target\":{\"@type\":\"EntryPoint\",\"urlTemplate\":\"https:\\\/\\\/www.maison-boissiere.com\\\/pt-br\\\/?s={search_term_string}\"},\"query-input\":{\"@type\":\"PropertyValueSpecification\",\"valueRequired\":true,\"valueName\":\"search_term_string\"}}],\"inLanguage\":\"pt-BR\"},{\"@type\":\"Organization\",\"@id\":\"https:\\\/\\\/www.maison-boissiere.com\\\/pt-br\\\/#organization\",\"name\":\"Maison Boissi\u00e8re\",\"url\":\"https:\\\/\\\/www.maison-boissiere.com\\\/pt-br\\\/\",\"logo\":{\"@type\":\"ImageObject\",\"inLanguage\":\"pt-BR\",\"@id\":\"https:\\\/\\\/www.maison-boissiere.com\\\/pt-br\\\/#\\\/schema\\\/logo\\\/image\\\/\",\"url\":\"https:\\\/\\\/www.maison-boissiere.com\\\/wp-content\\\/uploads\\\/2024\\\/10\\\/Logo_MBOISSBR_WHT.svg\",\"contentUrl\":\"https:\\\/\\\/www.maison-boissiere.com\\\/wp-content\\\/uploads\\\/2024\\\/10\\\/Logo_MBOISSBR_WHT.svg\",\"width\":841,\"height\":595,\"caption\":\"Maison Boissi\u00e8re\"},\"image\":{\"@id\":\"https:\\\/\\\/www.maison-boissiere.com\\\/pt-br\\\/#\\\/schema\\\/logo\\\/image\\\/\"}}]}<\/script>\n<!-- \/ Yoast SEO plugin. -->","yoast_head_json":{"title":"Sustentabilidade - Maison Boissi\u00e8re","robots":{"index":"index","follow":"follow","max-snippet":"max-snippet:-1","max-image-preview":"max-image-preview:large","max-video-preview":"max-video-preview:-1"},"canonical":"https:\/\/www.maison-boissiere.com\/pt-br\/sustentabilidade\/","og_locale":"pt_BR","og_type":"article","og_title":"Sustentabilidade - Maison Boissi\u00e8re","og_description":"Decidimos assumir um compromisso com a preserva\u00e7\u00e3o do planeta. Nossos funcion\u00e1rios s\u00e3o treinados e conscientes das quest\u00f5es ambientais, instalamos equipamentos de economia de \u00e1gua e energia em todos os nossos apartamentos e oferecemos produtos de banheiro certificados. No caf\u00e9 da manh\u00e3, voc\u00ea pode desfrutar de produtos org\u00e2nicos e\/ou produtos da agricultura francesa e\/ou regional. Voc\u00ea [&hellip;]","og_url":"https:\/\/www.maison-boissiere.com\/pt-br\/sustentabilidade\/","og_site_name":"Maison Boissi\u00e8re","article_modified_time":"2025-04-29T08:59:14+00:00","twitter_card":"summary_large_image","schema":{"@context":"https:\/\/schema.org","@graph":[{"@type":"WebPage","@id":"https:\/\/www.maison-boissiere.com\/pt-br\/sustentabilidade\/","url":"https:\/\/www.maison-boissiere.com\/pt-br\/sustentabilidade\/","name":"Sustentabilidade - Maison Boissi\u00e8re","isPartOf":{"@id":"https:\/\/www.maison-boissiere.com\/pt-br\/#website"},"datePublished":"2025-04-28T16:01:04+00:00","dateModified":"2025-04-29T08:59:14+00:00","breadcrumb":{"@id":"https:\/\/www.maison-boissiere.com\/pt-br\/sustentabilidade\/#breadcrumb"},"inLanguage":"pt-BR","potentialAction":[{"@type":"ReadAction","target":["https:\/\/www.maison-boissiere.com\/pt-br\/sustentabilidade\/"]}]},{"@type":"BreadcrumbList","@id":"https:\/\/www.maison-boissiere.com\/pt-br\/sustentabilidade\/#breadcrumb","itemListElement":[{"@type":"ListItem","position":1,"name":"Home","item":"https:\/\/www.maison-boissiere.com\/pt-br\/home\/"},{"@type":"ListItem","position":2,"name":"Sustentabilidade"}]},{"@type":"WebSite","@id":"https:\/\/www.maison-boissiere.com\/pt-br\/#website","url":"https:\/\/www.maison-boissiere.com\/pt-br\/","name":"Maison Boissi\u00e8re","description":"Luxury service Apartment","publisher":{"@id":"https:\/\/www.maison-boissiere.com\/pt-br\/#organization"},"potentialAction":[{"@type":"SearchAction","target":{"@type":"EntryPoint","urlTemplate":"https:\/\/www.maison-boissiere.com\/pt-br\/?s={search_term_string}"},"query-input":{"@type":"PropertyValueSpecification","valueRequired":true,"valueName":"search_term_string"}}],"inLanguage":"pt-BR"},{"@type":"Organization","@id":"https:\/\/www.maison-boissiere.com\/pt-br\/#organization","name":"Maison Boissi\u00e8re","url":"https:\/\/www.maison-boissiere.com\/pt-br\/","logo":{"@type":"ImageObject","inLanguage":"pt-BR","@id":"https:\/\/www.maison-boissiere.com\/pt-br\/#\/schema\/logo\/image\/","url":"https:\/\/www.maison-boissiere.com\/wp-content\/uploads\/2024\/10\/Logo_MBOISSBR_WHT.svg","contentUrl":"https:\/\/www.maison-boissiere.com\/wp-content\/uploads\/2024\/10\/Logo_MBOISSBR_WHT.svg","width":841,"height":595,"caption":"Maison Boissi\u00e8re"},"image":{"@id":"https:\/\/www.maison-boissiere.com\/pt-br\/#\/schema\/logo\/image\/"}}]}},"_links":{"self":[{"href":"https:\/\/www.maison-boissiere.com\/pt-br\/wp-json\/wp\/v2\/pages\/6464","targetHints":{"allow":["GET"]}}],"collection":[{"href":"https:\/\/www.maison-boissiere.com\/pt-br\/wp-json\/wp\/v2\/pages"}],"about":[{"href":"https:\/\/www.maison-boissiere.com\/pt-br\/wp-json\/wp\/v2\/types\/page"}],"author":[{"embeddable":true,"href":"https:\/\/www.maison-boissiere.com\/pt-br\/wp-json\/wp\/v2\/users\/2"}],"replies":[{"embeddable":true,"href":"https:\/\/www.maison-boissiere.com\/pt-br\/wp-json\/wp\/v2\/comments?post=6464"}],"version-history":[{"count":1,"href":"https:\/\/www.maison-boissiere.com\/pt-br\/wp-json\/wp\/v2\/pages\/6464\/revisions"}],"predecessor-version":[{"id":6465,"href":"https:\/\/www.maison-boissiere.com\/pt-br\/wp-json\/wp\/v2\/pages\/6464\/revisions\/6465"}],"wp:attachment":[{"href":"https:\/\/www.maison-boissiere.com\/pt-br\/wp-json\/wp\/v2\/media?parent=6464"}],"curies":[{"name":"wp","href":"https:\/\/api.w.org\/{rel}","templated":true}]}}