{"id":6469,"date":"2025-04-29T10:12:54","date_gmt":"2025-04-29T08:12:54","guid":{"rendered":"https:\/\/www.maison-boissiere.com\/?page_id=6469"},"modified":"2025-04-29T10:59:08","modified_gmt":"2025-04-29T08:59:08","slug":"acessibilidade","status":"publish","type":"page","link":"https:\/\/www.maison-boissiere.com\/pt-br\/acessibilidade\/","title":{"rendered":"Acessibilidade"},"content":{"rendered":"\t\t<div data-elementor-type=\"wp-page\" data-elementor-id=\"6469\" class=\"elementor elementor-6469 elementor-6466\" data-elementor-post-type=\"page\">\n\t\t\t\t<div class=\"elementor-element elementor-element-6ef094f e-flex e-con-boxed e-con e-parent\" data-id=\"6ef094f\" data-element_type=\"container\" data-e-type=\"container\" data-settings=\"{&quot;background_background&quot;:&quot;classic&quot;}\">\n\t\t\t\t\t<div class=\"e-con-inner\">\n\t\t\t\t<div class=\"elementor-element elementor-element-14da59a elementor-widget elementor-widget-spacer\" data-id=\"14da59a\" data-element_type=\"widget\" data-e-type=\"widget\" data-widget_type=\"spacer.default\">\n\t\t\t\t\t\t\t<div class=\"elementor-spacer\">\n\t\t\t<div class=\"elementor-spacer-inner\"><\/div>\n\t\t<\/div>\n\t\t\t\t\t\t<\/div>\n\t\t\t\t\t<\/div>\n\t\t\t\t<\/div>\n\t\t<div class=\"elementor-element elementor-element-52fdf93 e-flex e-con-boxed e-con e-parent\" data-id=\"52fdf93\" data-element_type=\"container\" data-e-type=\"container\" data-settings=\"{&quot;background_background&quot;:&quot;classic&quot;}\">\n\t\t\t\t\t<div class=\"e-con-inner\">\n\t\t<div class=\"elementor-element elementor-element-a5ca291 e-con-full e-flex e-con e-child\" data-id=\"a5ca291\" data-element_type=\"container\" data-e-type=\"container\">\n\t\t<div class=\"elementor-element elementor-element-d3f69a3 e-con-full e-flex e-con e-child\" data-id=\"d3f69a3\" data-element_type=\"container\" data-e-type=\"container\">\n\t\t\t\t<div class=\"elementor-element elementor-element-83a72fb elementor-widget__width-initial elementor-widget-tablet__width-initial animated-slow elementor-invisible elementor-widget elementor-widget-text-editor\" data-id=\"83a72fb\" data-element_type=\"widget\" data-e-type=\"widget\" data-settings=\"{&quot;_animation&quot;:&quot;fadeIn&quot;}\" data-widget_type=\"text-editor.default\">\n\t\t\t\t\t\t\t\t\t<p>Apesar de nossos melhores esfor\u00e7os, nossa resid\u00eancia n\u00e3o \u00e9 acess\u00edvel a pessoas com defici\u00eancias motoras. No entanto, temos equipamentos espec\u00edficos para outros tipos de defici\u00eancia, como um la\u00e7o magn\u00e9tico, telefone e controle remoto com bot\u00f5es grandes. Al\u00e9m disso, nossa equipe \u00e9 treinada para receber h\u00f3spedes com defici\u00eancias visuais ou auditivas. Nosso objetivo \u00e9 tornar sua estadia o mais agrad\u00e1vel e confort\u00e1vel poss\u00edvel, portanto, n\u00e3o hesite em entrar em contato conosco antes de sua chegada para que possamos oferecer o quarto mais adequado e todas as facilidades de que possa precisar.   <\/p>\t\t\t\t\t\t\t\t<\/div>\n\t\t\t\t<\/div>\n\t\t\t\t<\/div>\n\t\t\t\t\t<\/div>\n\t\t\t\t<\/div>\n\t\t<div class=\"elementor-element elementor-element-09b6be4 e-flex e-con-boxed e-con e-parent\" data-id=\"09b6be4\" data-element_type=\"container\" data-e-type=\"container\">\n\t\t\t\t\t<div class=\"e-con-inner\">\n\t\t\t\t<div class=\"elementor-element elementor-element-42fe7bf elementor-widget elementor-widget-breadcrumbs\" data-id=\"42fe7bf\" data-element_type=\"widget\" data-e-type=\"widget\" data-widget_type=\"breadcrumbs.default\">\n\t\t\t\t\t<p id=\"breadcrumbs\"><span><span><a href=\"https:\/\/www.maison-boissiere.com\/pt-br\/home\/\">Home<\/a><\/span><\/span><\/p>\t\t\t\t<\/div>\n\t\t\t\t\t<\/div>\n\t\t\t\t<\/div>\n\t\t\t\t<\/div>\n\t\t","protected":false},"excerpt":{"rendered":"<p>Apesar de nossos melhores esfor\u00e7os, nossa resid\u00eancia n\u00e3o \u00e9 acess\u00edvel a pessoas com defici\u00eancias motoras. No entanto, temos equipamentos espec\u00edficos para outros tipos de defici\u00eancia, como um la\u00e7o magn\u00e9tico, telefone e controle remoto com bot\u00f5es grandes. Al\u00e9m disso, nossa equipe \u00e9 treinada para receber h\u00f3spedes com defici\u00eancias visuais ou auditivas. Nosso objetivo \u00e9 tornar sua [&hellip;]<\/p>\n","protected":false},"author":2,"featured_media":0,"parent":0,"menu_order":9,"comment_status":"closed","ping_status":"closed","template":"","meta":{"_acf_changed":false,"inline_featured_image":false,"footnotes":""},"class_list":["post-6469","page","type-page","status-publish","hentry"],"acf":[],"yoast_head":"<!-- This site is optimized with the Yoast SEO plugin v27.3 - https:\/\/yoast.com\/product\/yoast-seo-wordpress\/ -->\n<title>Acessibilidade - Maison Boissi\u00e8re<\/title>\n<meta name=\"robots\" content=\"index, follow, max-snippet:-1, max-image-preview:large, max-video-preview:-1\" \/>\n<link rel=\"canonical\" href=\"https:\/\/www.maison-boissiere.com\/pt-br\/acessibilidade\/\" \/>\n<meta property=\"og:locale\" content=\"pt_BR\" \/>\n<meta property=\"og:type\" content=\"article\" \/>\n<meta property=\"og:title\" content=\"Acessibilidade - Maison Boissi\u00e8re\" \/>\n<meta property=\"og:description\" content=\"Apesar de nossos melhores esfor\u00e7os, nossa resid\u00eancia n\u00e3o \u00e9 acess\u00edvel a pessoas com defici\u00eancias motoras. No entanto, temos equipamentos espec\u00edficos para outros tipos de defici\u00eancia, como um la\u00e7o magn\u00e9tico, telefone e controle remoto com bot\u00f5es grandes. Al\u00e9m disso, nossa equipe \u00e9 treinada para receber h\u00f3spedes com defici\u00eancias visuais ou auditivas. Nosso objetivo \u00e9 tornar sua [&hellip;]\" \/>\n<meta property=\"og:url\" content=\"https:\/\/www.maison-boissiere.com\/pt-br\/acessibilidade\/\" \/>\n<meta property=\"og:site_name\" content=\"Maison Boissi\u00e8re\" \/>\n<meta property=\"article:modified_time\" content=\"2025-04-29T08:59:08+00:00\" \/>\n<meta name=\"twitter:card\" content=\"summary_large_image\" \/>\n<meta name=\"twitter:label1\" content=\"Est. tempo de leitura\" \/>\n\t<meta name=\"twitter:data1\" content=\"1 minuto\" \/>\n<script type=\"application\/ld+json\" class=\"yoast-schema-graph\">{\"@context\":\"https:\\\/\\\/schema.org\",\"@graph\":[{\"@type\":\"WebPage\",\"@id\":\"https:\\\/\\\/www.maison-boissiere.com\\\/pt-br\\\/acessibilidade\\\/\",\"url\":\"https:\\\/\\\/www.maison-boissiere.com\\\/pt-br\\\/acessibilidade\\\/\",\"name\":\"Acessibilidade - Maison Boissi\u00e8re\",\"isPartOf\":{\"@id\":\"https:\\\/\\\/www.maison-boissiere.com\\\/pt-br\\\/#website\"},\"datePublished\":\"2025-04-29T08:12:54+00:00\",\"dateModified\":\"2025-04-29T08:59:08+00:00\",\"breadcrumb\":{\"@id\":\"https:\\\/\\\/www.maison-boissiere.com\\\/pt-br\\\/acessibilidade\\\/#breadcrumb\"},\"inLanguage\":\"pt-BR\",\"potentialAction\":[{\"@type\":\"ReadAction\",\"target\":[\"https:\\\/\\\/www.maison-boissiere.com\\\/pt-br\\\/acessibilidade\\\/\"]}]},{\"@type\":\"BreadcrumbList\",\"@id\":\"https:\\\/\\\/www.maison-boissiere.com\\\/pt-br\\\/acessibilidade\\\/#breadcrumb\",\"itemListElement\":[{\"@type\":\"ListItem\",\"position\":1,\"name\":\"Home\",\"item\":\"https:\\\/\\\/www.maison-boissiere.com\\\/pt-br\\\/home\\\/\"},{\"@type\":\"ListItem\",\"position\":2,\"name\":\"Acessibilidade\"}]},{\"@type\":\"WebSite\",\"@id\":\"https:\\\/\\\/www.maison-boissiere.com\\\/pt-br\\\/#website\",\"url\":\"https:\\\/\\\/www.maison-boissiere.com\\\/pt-br\\\/\",\"name\":\"Maison Boissi\u00e8re\",\"description\":\"Luxury service Apartment\",\"publisher\":{\"@id\":\"https:\\\/\\\/www.maison-boissiere.com\\\/pt-br\\\/#organization\"},\"potentialAction\":[{\"@type\":\"SearchAction\",\"target\":{\"@type\":\"EntryPoint\",\"urlTemplate\":\"https:\\\/\\\/www.maison-boissiere.com\\\/pt-br\\\/?s={search_term_string}\"},\"query-input\":{\"@type\":\"PropertyValueSpecification\",\"valueRequired\":true,\"valueName\":\"search_term_string\"}}],\"inLanguage\":\"pt-BR\"},{\"@type\":\"Organization\",\"@id\":\"https:\\\/\\\/www.maison-boissiere.com\\\/pt-br\\\/#organization\",\"name\":\"Maison Boissi\u00e8re\",\"url\":\"https:\\\/\\\/www.maison-boissiere.com\\\/pt-br\\\/\",\"logo\":{\"@type\":\"ImageObject\",\"inLanguage\":\"pt-BR\",\"@id\":\"https:\\\/\\\/www.maison-boissiere.com\\\/pt-br\\\/#\\\/schema\\\/logo\\\/image\\\/\",\"url\":\"https:\\\/\\\/www.maison-boissiere.com\\\/wp-content\\\/uploads\\\/2024\\\/10\\\/Logo_MBOISSBR_WHT.svg\",\"contentUrl\":\"https:\\\/\\\/www.maison-boissiere.com\\\/wp-content\\\/uploads\\\/2024\\\/10\\\/Logo_MBOISSBR_WHT.svg\",\"width\":841,\"height\":595,\"caption\":\"Maison Boissi\u00e8re\"},\"image\":{\"@id\":\"https:\\\/\\\/www.maison-boissiere.com\\\/pt-br\\\/#\\\/schema\\\/logo\\\/image\\\/\"}}]}<\/script>\n<!-- \/ Yoast SEO plugin. -->","yoast_head_json":{"title":"Acessibilidade - Maison Boissi\u00e8re","robots":{"index":"index","follow":"follow","max-snippet":"max-snippet:-1","max-image-preview":"max-image-preview:large","max-video-preview":"max-video-preview:-1"},"canonical":"https:\/\/www.maison-boissiere.com\/pt-br\/acessibilidade\/","og_locale":"pt_BR","og_type":"article","og_title":"Acessibilidade - Maison Boissi\u00e8re","og_description":"Apesar de nossos melhores esfor\u00e7os, nossa resid\u00eancia n\u00e3o \u00e9 acess\u00edvel a pessoas com defici\u00eancias motoras. No entanto, temos equipamentos espec\u00edficos para outros tipos de defici\u00eancia, como um la\u00e7o magn\u00e9tico, telefone e controle remoto com bot\u00f5es grandes. Al\u00e9m disso, nossa equipe \u00e9 treinada para receber h\u00f3spedes com defici\u00eancias visuais ou auditivas. Nosso objetivo \u00e9 tornar sua [&hellip;]","og_url":"https:\/\/www.maison-boissiere.com\/pt-br\/acessibilidade\/","og_site_name":"Maison Boissi\u00e8re","article_modified_time":"2025-04-29T08:59:08+00:00","twitter_card":"summary_large_image","twitter_misc":{"Est. tempo de leitura":"1 minuto"},"schema":{"@context":"https:\/\/schema.org","@graph":[{"@type":"WebPage","@id":"https:\/\/www.maison-boissiere.com\/pt-br\/acessibilidade\/","url":"https:\/\/www.maison-boissiere.com\/pt-br\/acessibilidade\/","name":"Acessibilidade - Maison Boissi\u00e8re","isPartOf":{"@id":"https:\/\/www.maison-boissiere.com\/pt-br\/#website"},"datePublished":"2025-04-29T08:12:54+00:00","dateModified":"2025-04-29T08:59:08+00:00","breadcrumb":{"@id":"https:\/\/www.maison-boissiere.com\/pt-br\/acessibilidade\/#breadcrumb"},"inLanguage":"pt-BR","potentialAction":[{"@type":"ReadAction","target":["https:\/\/www.maison-boissiere.com\/pt-br\/acessibilidade\/"]}]},{"@type":"BreadcrumbList","@id":"https:\/\/www.maison-boissiere.com\/pt-br\/acessibilidade\/#breadcrumb","itemListElement":[{"@type":"ListItem","position":1,"name":"Home","item":"https:\/\/www.maison-boissiere.com\/pt-br\/home\/"},{"@type":"ListItem","position":2,"name":"Acessibilidade"}]},{"@type":"WebSite","@id":"https:\/\/www.maison-boissiere.com\/pt-br\/#website","url":"https:\/\/www.maison-boissiere.com\/pt-br\/","name":"Maison Boissi\u00e8re","description":"Luxury service Apartment","publisher":{"@id":"https:\/\/www.maison-boissiere.com\/pt-br\/#organization"},"potentialAction":[{"@type":"SearchAction","target":{"@type":"EntryPoint","urlTemplate":"https:\/\/www.maison-boissiere.com\/pt-br\/?s={search_term_string}"},"query-input":{"@type":"PropertyValueSpecification","valueRequired":true,"valueName":"search_term_string"}}],"inLanguage":"pt-BR"},{"@type":"Organization","@id":"https:\/\/www.maison-boissiere.com\/pt-br\/#organization","name":"Maison Boissi\u00e8re","url":"https:\/\/www.maison-boissiere.com\/pt-br\/","logo":{"@type":"ImageObject","inLanguage":"pt-BR","@id":"https:\/\/www.maison-boissiere.com\/pt-br\/#\/schema\/logo\/image\/","url":"https:\/\/www.maison-boissiere.com\/wp-content\/uploads\/2024\/10\/Logo_MBOISSBR_WHT.svg","contentUrl":"https:\/\/www.maison-boissiere.com\/wp-content\/uploads\/2024\/10\/Logo_MBOISSBR_WHT.svg","width":841,"height":595,"caption":"Maison Boissi\u00e8re"},"image":{"@id":"https:\/\/www.maison-boissiere.com\/pt-br\/#\/schema\/logo\/image\/"}}]}},"_links":{"self":[{"href":"https:\/\/www.maison-boissiere.com\/pt-br\/wp-json\/wp\/v2\/pages\/6469","targetHints":{"allow":["GET"]}}],"collection":[{"href":"https:\/\/www.maison-boissiere.com\/pt-br\/wp-json\/wp\/v2\/pages"}],"about":[{"href":"https:\/\/www.maison-boissiere.com\/pt-br\/wp-json\/wp\/v2\/types\/page"}],"author":[{"embeddable":true,"href":"https:\/\/www.maison-boissiere.com\/pt-br\/wp-json\/wp\/v2\/users\/2"}],"replies":[{"embeddable":true,"href":"https:\/\/www.maison-boissiere.com\/pt-br\/wp-json\/wp\/v2\/comments?post=6469"}],"version-history":[{"count":4,"href":"https:\/\/www.maison-boissiere.com\/pt-br\/wp-json\/wp\/v2\/pages\/6469\/revisions"}],"predecessor-version":[{"id":6494,"href":"https:\/\/www.maison-boissiere.com\/pt-br\/wp-json\/wp\/v2\/pages\/6469\/revisions\/6494"}],"wp:attachment":[{"href":"https:\/\/www.maison-boissiere.com\/pt-br\/wp-json\/wp\/v2\/media?parent=6469"}],"curies":[{"name":"wp","href":"https:\/\/api.w.org\/{rel}","templated":true}]}}